{"id":1672,"date":"2021-11-04T11:56:08","date_gmt":"2021-11-04T11:56:08","guid":{"rendered":"https:\/\/www.casasdavargem.com\/inicio\/"},"modified":"2022-02-16T12:36:01","modified_gmt":"2022-02-16T12:36:01","slug":"inicio","status":"publish","type":"page","link":"https:\/\/www.casasdavargem.com\/pt-pt\/","title":{"rendered":"In\u00edcio"},"content":{"rendered":"<p>[vc_row full_width=&#8221;stretch_row_content&#8221; css=&#8221;.vc_custom_1634321725512{margin-top: -15px !important;margin-bottom: 0px !important;padding-top: 15px !important;padding-right: 15px !important;padding-bottom: 0px !important;padding-left: 15px !important;background-color: #f9f9f9 !important;}&#8221; el_class=&#8221;book-form-wrapper&#8221; el_id=&#8221;book-form&#8221;][vc_column css=&#8221;.vc_custom_1634320697494{margin-top: 0px !important;margin-right: 0px !important;margin-bottom: 0px !important;margin-left: 0px !important;border-top-width: 0px !important;border-right-width: 0px !important;border-bottom-width: 0px !important;border-left-width: 0px !important;padding-top: 0px !important;padding-right: 0px !important;padding-bottom: 0px !important;padding-left: 0px !important;}&#8221;][vc_raw_html el_class=&#8221;book-header&#8221; css=&#8221;.vc_custom_1645014957358{margin-top: 0px !important;margin-right: 0px !important;margin-bottom: 0px !important;margin-left: 0px !important;border-top-width: 0px !important;border-right-width: 0px !important;border-bottom-width: 0px !important;border-left-width: 0px !important;padding-top: 0px !important;padding-right: 0px !important;padding-bottom: 0px !important;padding-left: 0px !important;}&#8221;]JTNDZGl2JTIwY2xhc3MlM0QlMjJib29raW5nc3luYy1ib29rbm93JTIyJTIwZGF0YS1hY2NvdW50LWlkJTNEJTIyMTkyMCUyMiUyMGRhdGEtcmVudGFsLWlkJTNEJTIyMTE2NjYwJTJDMTE2NjcwJTIyJTIwZGF0YS1zb3VyY2UtaWQlM0QlMjIxNzA1OCUyMiUzRSUzQyUyRmRpdiUzRSUwQSUzQ3NjcmlwdCUyMHR5cGUlM0QlMjJ0ZXh0JTJGamF2YXNjcmlwdCUyMiUyMHNyYyUzRCUyMmh0dHBzJTNBJTJGJTJGd3d3LmJvb2tpbmdzeW5jLmNvbSUyRmFwaSUyRnYyJTJGanMlMkZib29rbm93LmpzJTIyJTNFJTNDJTJGc2NyaXB0JTNF[\/vc_raw_html][\/vc_column][\/vc_row][vc_row css=&#8221;.vc_custom_1621620763974{padding-top: 50px !important;padding-bottom: 80px !important;}&#8221;][vc_column][vc_custom_heading text=&#8221;ar Fresco, Campo e Piscina!&#8221; font_container=&#8221;tag:h6|text_align:left&#8221; use_theme_fonts=&#8221;yes&#8221; el_class=&#8221;text-uppercase&#8221;][vc_custom_heading text=&#8221;Umas f\u00e9rias relaxantes em uma casa de sonho&#8230;&#8221; use_theme_fonts=&#8221;yes&#8221; css=&#8221;.vc_custom_1636107557458{margin-top: 0px !important;margin-bottom: 30px !important;}&#8221;][vc_row_inner][vc_column_inner width=&#8221;1\/12&#8243;][\/vc_column_inner][vc_column_inner width=&#8221;5\/12&#8243;][vc_column_text]A cidade j\u00e1 chateia? A tranquila vida no campo oferece bons momentos de paz e harmonia. Os dias parecem que passam em slow-motion e as experi\u00eancias s\u00e3o vividas com mais intensidade.<\/p>\n<p>Aqui encontra isto tudo e muito mais! As Casas da Vargem est\u00e3o inseridas num lote de duas casas, localizadas no caloroso e soalheiro concelho da Ponta do Sol, numa zona privilegiada de excelente exposi\u00e7\u00e3o solar e vista mar.[\/vc_column_text][\/vc_column_inner][vc_column_inner width=&#8221;5\/12&#8243;][vc_column_text]Com uma arquitetura moderna e minimalista, as \u201cCasas da Vargem\u201d oferece conforto a quem procura um local de qualidade para relaxar. Os nossos h\u00f3spedes podem sentar-se dentro da piscina infinita, rodeados pela vegeta\u00e7\u00e3o tropical e apreciar as vistas, que por vezes em certas \u00e9pocas do ano, \u00e9 poss\u00edvel assistir ao lindo p\u00f4r do sol.[\/vc_column_text][\/vc_column_inner][vc_column_inner width=&#8221;1\/12&#8243;][\/vc_column_inner][\/vc_row_inner][vc_btn title=&#8221;Saber Mais&#8221; align=&#8221;center&#8221; link=&#8221;url:https%3A%2F%2Fwww.casasdavargem.com%2Fpt-pt%2Fas-casas%2F|title:A%20Casa&#8221;][\/vc_column][\/vc_row][vc_row full_width=&#8221;stretch_row&#8221; parallax=&#8221;content-moving&#8221; css=&#8221;.vc_custom_1622223185685{padding-top: 0px !important;padding-bottom: 400px !important;background-image: url(https:\/\/www.casasdavargem.com\/wp-content\/uploads\/2021\/05\/CV-house-pool.jpg?id=1167) !important;background-position: center;background-repeat: no-repeat !important;background-size: cover !important;}&#8221; el_class=&#8221;hide-on-mobile&#8221;][vc_column width=&#8221;1\/2&#8243; offset=&#8221;vc_hidden-xs&#8221;][\/vc_column][vc_column width=&#8221;1\/2&#8243; offset=&#8221;vc_hidden-xs&#8221;][vc_custom_heading text=&#8221;Verde e azul s\u00e3o as cores principais&#8221; font_container=&#8221;tag:h2|text_align:center|color:%23ffffff&#8221; use_theme_fonts=&#8221;yes&#8221; css=&#8221;.vc_custom_1636107780071{margin-top: 20px !important;margin-bottom: 20px !important;}&#8221;][vc_custom_heading text=&#8221;Com Uma Maravilhosa Vista para o Mar e para as Grandes Planta\u00e7\u00f5es de Banana, \u00e9 Poss\u00edvel Desfrutar da Belexa e da Paz.&#8221; font_container=&#8221;tag:h6|text_align:center|color:%23ffffff|line_height:1.8em&#8221; use_theme_fonts=&#8221;yes&#8221; el_class=&#8221;text-uppercase&#8221; css=&#8221;.vc_custom_1636107798812{margin-top: 0px !important;}&#8221;][vc_btn title=&#8221;Ver a Galeria&#8221; align=&#8221;center&#8221; el_class=&#8221;btn-white&#8221; link=&#8221;url:https%3A%2F%2Fwww.casasdavargem.com%2Fpt-pt%2Fgaleria%2F|title:Galeria&#8221;][\/vc_column][\/vc_row][vc_row full_width=&#8221;stretch_row_content&#8221; parallax=&#8221;content-moving&#8221;][vc_column width=&#8221;1\/2&#8243; offset=&#8221;vc_hidden-lg vc_hidden-md vc_hidden-sm&#8221; css=&#8221;.vc_custom_1622222980539{margin-top: 0px !important;margin-right: 0px !important;margin-bottom: 0px !important;margin-left: 0px !important;border-top-width: 0px !important;border-right-width: 0px !important;border-bottom-width: 0px !important;border-left-width: 0px !important;padding-top: 0px !important;padding-right: 0px !important;padding-bottom: 0px !important;padding-left: 0px !important;}&#8221;][vc_single_image image=&#8221;1167&#8243; img_size=&#8221;full&#8221; css=&#8221;.vc_custom_1622222991558{margin-top: 0px !important;margin-right: 0px !important;margin-bottom: 0px !important;margin-left: 0px !important;border-top-width: 0px !important;border-right-width: 0px !important;border-bottom-width: 0px !important;border-left-width: 0px !important;padding-top: 0px !important;padding-right: 0px !important;padding-bottom: 0px !important;padding-left: 0px !important;}&#8221;][\/vc_column][vc_column width=&#8221;1\/2&#8243; offset=&#8221;vc_hidden-lg vc_hidden-md vc_hidden-sm&#8221; css=&#8221;.vc_custom_1622222911989{padding-top: 20px !important;padding-right: 20px !important;padding-bottom: 20px !important;padding-left: 20px !important;background-color: #1e73be !important;}&#8221;][vc_custom_heading text=&#8221;Verde e azul s\u00e3o as cores principais&#8221; font_container=&#8221;tag:h2|text_align:center|color:%23ffffff&#8221; use_theme_fonts=&#8221;yes&#8221; css=&#8221;.vc_custom_1636107853615{margin-top: 20px !important;margin-bottom: 20px !important;}&#8221;][vc_custom_heading text=&#8221;Com Uma Maravilhosa Vista para o Mar e para as Grandes Planta\u00e7\u00f5es de Banana, \u00e9 Poss\u00edvel Desfrutar da Belexa e da Paz.&#8221; font_container=&#8221;tag:h6|text_align:center|color:%23ffffff|line_height:1.8em&#8221; use_theme_fonts=&#8221;yes&#8221; el_class=&#8221;text-uppercase&#8221; css=&#8221;.vc_custom_1636107884183{margin-top: 0px !important;}&#8221;][vc_btn title=&#8221;View gallery&#8221; align=&#8221;center&#8221; el_class=&#8221;btn-white&#8221; link=&#8221;url:https%3A%2F%2Fwww.casasdavargem.com%2Fpt-pt%2Fgaleria%2F|title:Gallery|&#8221;][\/vc_column][\/vc_row][vc_row css=&#8221;.vc_custom_1621957833933{margin-bottom: 50px !important;padding-top: 50px !important;padding-bottom: 90px !important;}&#8221;][vc_column][vc_custom_heading text=&#8221;Ar fresco, campo e dias de nata\u00e7\u00e3o!&#8221; font_container=&#8221;tag:h6|text_align:center&#8221; use_theme_fonts=&#8221;yes&#8221; el_class=&#8221;text-uppercase&#8221;][vc_custom_heading text=&#8221;Umas f\u00e9rias relaxantes numa casa de sonho!&#8221; font_container=&#8221;tag:h2|text_align:center&#8221; use_theme_fonts=&#8221;yes&#8221; css=&#8221;.vc_custom_1636108006894{margin-top: 0px !important;margin-bottom: 30px !important;}&#8221;][vc_row_inner equal_height=&#8221;yes&#8221; content_placement=&#8221;middle&#8221;][vc_column_inner width=&#8221;1\/3&#8243;][vc_custom_heading text=&#8221;Casa da vargem I&#8221; font_container=&#8221;tag:h5|font_size:18px|text_align:center&#8221; use_theme_fonts=&#8221;yes&#8221; el_class=&#8221;text-uppercase&#8221;][vc_custom_heading text=&#8221;4 pax, 2 quartos&#8221; font_container=&#8221;tag:h6|text_align:center&#8221; use_theme_fonts=&#8221;yes&#8221; el_class=&#8221;text-uppercase&#8221; css=&#8221;.vc_custom_1636125792928{margin-top: 0px !important;margin-bottom: 25px !important;}&#8221;][vc_column_text]<\/p>\n<p style=\"text-align: center;\"><span class=\"NormalTextRun SCXW40331515 BCX0\" data-ccp-parastyle=\"Normal (Web)\">Com uma arquitetura moderna e minimalista, as \u201cCasas da Vargem\u201d oferece conforto a quem procura um local de qualidade para relaxar.<\/span><\/p>\n<p>[\/vc_column_text][vc_btn title=&#8221;Mais Informa\u00e7\u00f5es&#8221; align=&#8221;center&#8221; link=&#8221;url:https%3A%2F%2Fwww.casasdavargem.com%2Fpt-pt%2Fas-casas%2F|title:A%20Casa&#8221;][\/vc_column_inner][vc_column_inner width=&#8221;1\/3&#8243;][vc_single_image image=&#8221;1169&#8243; img_size=&#8221;full&#8221; alignment=&#8221;center&#8221; css=&#8221;.vc_custom_1621622404633{margin-top: 25px !important;margin-bottom: 25px !important;}&#8221;][\/vc_column_inner][vc_column_inner width=&#8221;1\/3&#8243;][vc_custom_heading text=&#8221;Casa da vargem II&#8221; font_container=&#8221;tag:h5|font_size:18px|text_align:center&#8221; use_theme_fonts=&#8221;yes&#8221; el_class=&#8221;text-uppercase&#8221;][vc_custom_heading text=&#8221;2 pax, 1 quartos&#8221; font_container=&#8221;tag:h6|text_align:center&#8221; use_theme_fonts=&#8221;yes&#8221; el_class=&#8221;text-uppercase&#8221; css=&#8221;.vc_custom_1636125827962{margin-top: 0px !important;margin-bottom: 25px !important;}&#8221;][vc_column_text]<\/p>\n<p style=\"text-align: center;\"><span class=\"TextRun SCXW110047876 BCX0\" lang=\"EN-US\" xml:lang=\"EN-US\" data-contrast=\"none\"><span class=\"NormalTextRun SCXW110047876 BCX0\" data-ccp-parastyle=\"Normal (Web)\">Com uma arquitetura moderna e minimalista, as \u201cCasas da Vargem\u201d oferece conforto a quem procura um local de qualidade para relaxar.<\/span><\/span><span class=\"EOP SCXW110047876 BCX0\" data-ccp-props=\"{&quot;134233117&quot;:true,&quot;134233118&quot;:true,&quot;335551550&quot;:2,&quot;335551620&quot;:2}\">\u00a0<\/span><\/p>\n<p>[\/vc_column_text][vc_btn title=&#8221;Mais Informa\u00e7\u00f5es&#8221; align=&#8221;center&#8221; link=&#8221;url:https%3A%2F%2Fwww.casasdavargem.com%2Fpt-pt%2Fas-casas%2F|title:A%20Casa&#8221;][\/vc_column_inner][\/vc_row_inner][\/vc_column][\/vc_row][vc_row full_width=&#8221;stretch_row_content_no_spaces&#8221; gap=&#8221;5&#8243; equal_height=&#8221;yes&#8221; css=&#8221;.vc_custom_1621957719727{margin-top: 30px !important;}&#8221;][vc_column parallax=&#8221;content-moving&#8221; width=&#8221;1\/2&#8243; css=&#8221;.vc_custom_1622222084402{padding-top: 560px !important;background-image: url(https:\/\/www.casasdavargem.com\/wp-content\/uploads\/2021\/05\/photo1.jpg?id=1175) !important;background-position: center !important;background-repeat: no-repeat !important;background-size: cover !important;}&#8221; offset=&#8221;vc_hidden-sm vc_hidden-xs&#8221;][\/vc_column][vc_column parallax=&#8221;content-moving&#8221; width=&#8221;1\/2&#8243; css=&#8221;.vc_custom_1622222078473{padding-top: 560px !important;background-image: url(https:\/\/www.casasdavargem.com\/wp-content\/uploads\/2021\/05\/photo2.jpg?id=1176) !important;background-position: center !important;background-repeat: no-repeat !important;background-size: cover !important;}&#8221; offset=&#8221;vc_hidden-sm vc_hidden-xs&#8221;][\/vc_column][vc_column width=&#8221;1\/2&#8243; offset=&#8221;vc_hidden-lg vc_hidden-md&#8221;][vc_single_image image=&#8221;1175&#8243; img_size=&#8221;full&#8221;][\/vc_column][vc_column width=&#8221;1\/2&#8243; offset=&#8221;vc_hidden-lg vc_hidden-md&#8221;][vc_single_image image=&#8221;1176&#8243; img_size=&#8221;full&#8221;][\/vc_column][\/vc_row][vc_row el_id=&#8221;testimonials&#8221;][vc_column width=&#8221;1\/12&#8243;][\/vc_column][vc_column width=&#8221;10\/12&#8243; css=&#8221;.vc_custom_1621957488656{margin-top: -100px !important;padding-top: 75px !important;padding-right: 30px !important;padding-bottom: 25px !important;padding-left: 30px !important;background-color: #ffffff !important;}&#8221; el_id=&#8221;testimonials&#8221;][vc_custom_heading text=&#8221;Julien, novembro de 2020&#8243; font_container=&#8221;tag:h6|text_align:center&#8221; use_theme_fonts=&#8221;yes&#8221; el_class=&#8221;text-uppercase&#8221; css=&#8221;.vc_custom_1636109107566{margin-bottom: 30px !important;}&#8221;][vc_custom_heading text=&#8221;\u201cLugar incr\u00edvel. Vista deslumbrante. Super limpo e moderno. Definitivamente recomendo.\u201d&#8221; font_container=&#8221;tag:h2|text_align:center&#8221; use_theme_fonts=&#8221;yes&#8221; css=&#8221;.vc_custom_1636126109698{margin-top: 0px !important;margin-bottom: 30px !important;}&#8221;][vc_btn title=&#8221;Mais Testemunhos&#8221; align=&#8221;center&#8221; link=&#8221;url:https%3A%2F%2Fwww.casasdavargem.com%2Fpt-pt%2Ftestemunhos%2F|title:Testemunhos&#8221;][\/vc_column][vc_column width=&#8221;1\/12&#8243;][\/vc_column][\/vc_row][vc_row equal_height=&#8221;yes&#8221; content_placement=&#8221;middle&#8221; css=&#8221;.vc_custom_1621867162524{padding-top: 75px !important;padding-bottom: 75px !important;}&#8221;][vc_column width=&#8221;1\/2&#8243;][vc_single_image image=&#8221;1178&#8243; img_size=&#8221;full&#8221; alignment=&#8221;center&#8221;][\/vc_column][vc_column width=&#8221;1\/2&#8243; css=&#8221;.vc_custom_1621866986519{padding-right: 30px !important;padding-left: 30px !important;}&#8221;][vc_custom_heading text=&#8221;Ilha da Madeira&#8221; font_container=&#8221;tag:h6|text_align:left&#8221; use_theme_fonts=&#8221;yes&#8221; el_class=&#8221;text-uppercase&#8221;][vc_custom_heading text=&#8221;Conhe\u00e7a a Ponta do Sol&#8221; use_theme_fonts=&#8221;yes&#8221; css=&#8221;.vc_custom_1636111017284{margin-top: 0px !important;margin-bottom: 30px !important;}&#8221;][vc_column_text]A Madeira tem muitos caminhos de montanha e \u201clevadas\u201d, existe uma levada a 15 minutos a p\u00e9 da casa. Em redor poder\u00e1 encontrar lojas t\u00edpicas. Se precisar de supermercados, restaurantes e bares, existem alguns no centro da vila, a 5 minutos de carro.[\/vc_column_text][vc_btn title=&#8221;Arredores&#8221; align=&#8221;left&#8221; link=&#8221;url:https%3A%2F%2Fwww.casasdavargem.com%2Fpt-pt%2Filha-da-madeira-e-ponta-do-sol%2F|title:Arredores&#8221;][\/vc_column][\/vc_row]<\/p>\n","protected":false},"excerpt":{"rendered":"<p>[vc_row full_width=&#8221;stretch_row_content&#8221; css=&#8221;.vc_custom_1634321725512{margin-top: -15px !important;margin-bottom: 0px !important;padding-top: 15px !important;padding-right: 15px !important;padding-bottom: 0px !important;padding-left: 15px !important;background-color: #f9f9f9 !important;}&#8221; el_class=&#8221;book-form-wrapper&#8221; el_id=&#8221;book-form&#8221;][vc_column css=&#8221;.vc_custom_1634320697494{margin-top: 0px !important;margin-right: 0px !important;margin-bottom: 0px !important;margin-left: 0px !important;border-top-width: 0px !important;border-right-width: 0px !important;border-bottom-width: 0px !important;border-left-width: 0px !important;padding-top: 0px !important;padding-right: 0px !important;padding-bottom: 0px !important;padding-left: 0px !important;}&#8221;][vc_raw_html el_class=&#8221;book-header&#8221; css=&#8221;.vc_custom_1645014957358{margin-top: 0px !important;margin-right: 0px !important;margin-bottom: 0px !important;margin-left: 0px !important;border-top-width: 0px [&hellip;]<\/p>\n","protected":false},"author":1,"featured_media":0,"parent":0,"menu_order":0,"comment_status":"closed","ping_status":"closed","template":"template-front-page.php","meta":{"footnotes":""},"class_list":["post-1672","page","type-page","status-publish","hentry"],"yoast_head":"<!-- This site is optimized with the Yoast SEO plugin v17.5 - https:\/\/yoast.com\/wordpress\/plugins\/seo\/ -->\n<title>Casas da Vargem - Relaxed vacation in a dream house<\/title>\n<meta name=\"description\" content=\"Holiday home with a minimalist architecture and a stunning pool in Ponta do Sol, at Madeira Island\" \/>\n<meta name=\"robots\" content=\"index, follow, max-snippet:-1, max-image-preview:large, max-video-preview:-1\" \/>\n<link rel=\"canonical\" href=\"https:\/\/www.casasdavargem.com\/pt-pt\/\" \/>\n<meta property=\"og:locale\" content=\"pt_PT\" \/>\n<meta property=\"og:type\" content=\"article\" \/>\n<meta property=\"og:title\" content=\"Casas da Vargem - Relaxed vacation in a dream house\" \/>\n<meta property=\"og:description\" content=\"Holiday home with a minimalist architecture and a stunning pool in Ponta do Sol, at Madeira Island\" \/>\n<meta property=\"og:url\" content=\"https:\/\/www.casasdavargem.com\/pt-pt\/\" \/>\n<meta property=\"og:site_name\" content=\"Casas da Vargem\" \/>\n<meta property=\"article:modified_time\" content=\"2022-02-16T12:36:01+00:00\" \/>\n<meta name=\"twitter:card\" content=\"summary_large_image\" \/>\n<meta name=\"twitter:label1\" content=\"Tempo estimado de leitura\" \/>\n\t<meta name=\"twitter:data1\" content=\"4 minutos\" \/>\n<script type=\"application\/ld+json\" class=\"yoast-schema-graph\">{\"@context\":\"https:\/\/schema.org\",\"@graph\":[{\"@type\":\"Organization\",\"@id\":\"https:\/\/www.casasdavargem.com\/#organization\",\"name\":\"Casas da Vargem\",\"url\":\"https:\/\/www.casasdavargem.com\/\",\"sameAs\":[],\"logo\":{\"@type\":\"ImageObject\",\"@id\":\"https:\/\/www.casasdavargem.com\/#logo\",\"inLanguage\":\"pt-PT\",\"url\":\"https:\/\/www.casasdavargem.com\/wp-content\/uploads\/2021\/05\/logo-casasdavargem.png\",\"contentUrl\":\"https:\/\/www.casasdavargem.com\/wp-content\/uploads\/2021\/05\/logo-casasdavargem.png\",\"width\":293,\"height\":129,\"caption\":\"Casas da Vargem\"},\"image\":{\"@id\":\"https:\/\/www.casasdavargem.com\/#logo\"}},{\"@type\":\"WebSite\",\"@id\":\"https:\/\/www.casasdavargem.com\/#website\",\"url\":\"https:\/\/www.casasdavargem.com\/\",\"name\":\"Casas da Vargem\",\"description\":\"Relaxed vacation in a dream house\",\"publisher\":{\"@id\":\"https:\/\/www.casasdavargem.com\/#organization\"},\"potentialAction\":[{\"@type\":\"SearchAction\",\"target\":{\"@type\":\"EntryPoint\",\"urlTemplate\":\"https:\/\/www.casasdavargem.com\/?s={search_term_string}\"},\"query-input\":\"required name=search_term_string\"}],\"inLanguage\":\"pt-PT\"},{\"@type\":\"WebPage\",\"@id\":\"https:\/\/www.casasdavargem.com\/pt-pt\/#webpage\",\"url\":\"https:\/\/www.casasdavargem.com\/pt-pt\/\",\"name\":\"Casas da Vargem - Relaxed vacation in a dream house\",\"isPartOf\":{\"@id\":\"https:\/\/www.casasdavargem.com\/#website\"},\"datePublished\":\"2021-11-04T11:56:08+00:00\",\"dateModified\":\"2022-02-16T12:36:01+00:00\",\"description\":\"Holiday home with a minimalist architecture and a stunning pool in Ponta do Sol, at Madeira Island\",\"breadcrumb\":{\"@id\":\"https:\/\/www.casasdavargem.com\/pt-pt\/#breadcrumb\"},\"inLanguage\":\"pt-PT\",\"potentialAction\":[{\"@type\":\"ReadAction\",\"target\":[\"https:\/\/www.casasdavargem.com\/pt-pt\/\"]}]},{\"@type\":\"BreadcrumbList\",\"@id\":\"https:\/\/www.casasdavargem.com\/pt-pt\/#breadcrumb\",\"itemListElement\":[{\"@type\":\"ListItem\",\"position\":1,\"name\":\"Home\",\"item\":\"https:\/\/www.casasdavargem.com\/pt-pt\/\"},{\"@type\":\"ListItem\",\"position\":2,\"name\":\"In\\u00edcio\"}]}]}<\/script>\n<!-- \/ Yoast SEO plugin. -->","yoast_head_json":{"title":"Casas da Vargem - Relaxed vacation in a dream house","description":"Holiday home with a minimalist architecture and a stunning pool in Ponta do Sol, at Madeira Island","robots":{"index":"index","follow":"follow","max-snippet":"max-snippet:-1","max-image-preview":"max-image-preview:large","max-video-preview":"max-video-preview:-1"},"canonical":"https:\/\/www.casasdavargem.com\/pt-pt\/","og_locale":"pt_PT","og_type":"article","og_title":"Casas da Vargem - Relaxed vacation in a dream house","og_description":"Holiday home with a minimalist architecture and a stunning pool in Ponta do Sol, at Madeira Island","og_url":"https:\/\/www.casasdavargem.com\/pt-pt\/","og_site_name":"Casas da Vargem","article_modified_time":"2022-02-16T12:36:01+00:00","twitter_card":"summary_large_image","twitter_misc":{"Tempo estimado de leitura":"4 minutos"},"schema":{"@context":"https:\/\/schema.org","@graph":[{"@type":"Organization","@id":"https:\/\/www.casasdavargem.com\/#organization","name":"Casas da Vargem","url":"https:\/\/www.casasdavargem.com\/","sameAs":[],"logo":{"@type":"ImageObject","@id":"https:\/\/www.casasdavargem.com\/#logo","inLanguage":"pt-PT","url":"https:\/\/www.casasdavargem.com\/wp-content\/uploads\/2021\/05\/logo-casasdavargem.png","contentUrl":"https:\/\/www.casasdavargem.com\/wp-content\/uploads\/2021\/05\/logo-casasdavargem.png","width":293,"height":129,"caption":"Casas da Vargem"},"image":{"@id":"https:\/\/www.casasdavargem.com\/#logo"}},{"@type":"WebSite","@id":"https:\/\/www.casasdavargem.com\/#website","url":"https:\/\/www.casasdavargem.com\/","name":"Casas da Vargem","description":"Relaxed vacation in a dream house","publisher":{"@id":"https:\/\/www.casasdavargem.com\/#organization"},"potentialAction":[{"@type":"SearchAction","target":{"@type":"EntryPoint","urlTemplate":"https:\/\/www.casasdavargem.com\/?s={search_term_string}"},"query-input":"required name=search_term_string"}],"inLanguage":"pt-PT"},{"@type":"WebPage","@id":"https:\/\/www.casasdavargem.com\/pt-pt\/#webpage","url":"https:\/\/www.casasdavargem.com\/pt-pt\/","name":"Casas da Vargem - Relaxed vacation in a dream house","isPartOf":{"@id":"https:\/\/www.casasdavargem.com\/#website"},"datePublished":"2021-11-04T11:56:08+00:00","dateModified":"2022-02-16T12:36:01+00:00","description":"Holiday home with a minimalist architecture and a stunning pool in Ponta do Sol, at Madeira Island","breadcrumb":{"@id":"https:\/\/www.casasdavargem.com\/pt-pt\/#breadcrumb"},"inLanguage":"pt-PT","potentialAction":[{"@type":"ReadAction","target":["https:\/\/www.casasdavargem.com\/pt-pt\/"]}]},{"@type":"BreadcrumbList","@id":"https:\/\/www.casasdavargem.com\/pt-pt\/#breadcrumb","itemListElement":[{"@type":"ListItem","position":1,"name":"Home","item":"https:\/\/www.casasdavargem.com\/pt-pt\/"},{"@type":"ListItem","position":2,"name":"In\u00edcio"}]}]}},"_links":{"self":[{"href":"https:\/\/www.casasdavargem.com\/pt-pt\/wp-json\/wp\/v2\/pages\/1672","targetHints":{"allow":["GET"]}}],"collection":[{"href":"https:\/\/www.casasdavargem.com\/pt-pt\/wp-json\/wp\/v2\/pages"}],"about":[{"href":"https:\/\/www.casasdavargem.com\/pt-pt\/wp-json\/wp\/v2\/types\/page"}],"author":[{"embeddable":true,"href":"https:\/\/www.casasdavargem.com\/pt-pt\/wp-json\/wp\/v2\/users\/1"}],"replies":[{"embeddable":true,"href":"https:\/\/www.casasdavargem.com\/pt-pt\/wp-json\/wp\/v2\/comments?post=1672"}],"version-history":[{"count":12,"href":"https:\/\/www.casasdavargem.com\/pt-pt\/wp-json\/wp\/v2\/pages\/1672\/revisions"}],"predecessor-version":[{"id":1784,"href":"https:\/\/www.casasdavargem.com\/pt-pt\/wp-json\/wp\/v2\/pages\/1672\/revisions\/1784"}],"wp:attachment":[{"href":"https:\/\/www.casasdavargem.com\/pt-pt\/wp-json\/wp\/v2\/media?parent=1672"}],"curies":[{"name":"wp","href":"https:\/\/api.w.org\/{rel}","templated":true}]}}