{"id":1686,"date":"2021-11-04T12:01:36","date_gmt":"2021-11-04T12:01:36","guid":{"rendered":"https:\/\/www.casasdavargem.com\/the-landlord\/"},"modified":"2021-11-05T13:16:35","modified_gmt":"2021-11-05T13:16:35","slug":"anfitriao","status":"publish","type":"page","link":"https:\/\/www.casasdavargem.com\/pt-pt\/anfitriao\/","title":{"rendered":"Anfitri\u00e3o"},"content":{"rendered":"<p>[vc_row css=&#8221;.vc_custom_1623434063286{margin-top: -50px !important;}&#8221;][vc_column width=&#8221;1\/4&#8243;][\/vc_column][vc_column width=&#8221;1\/2&#8243;][vc_single_image image=&#8221;1313&#8243; img_size=&#8221;300&#215;300&#8243; alignment=&#8221;center&#8221; style=&#8221;vc_box_circle&#8221; css=&#8221;.vc_custom_1634309966300{margin-bottom: 20px !important;}&#8221;][vc_custom_heading text=&#8221;Ol\u00e1, sou o Miguel Le\u00e7a. Bem-vindo \u00e0s Casas da Vargem!&#8221; font_container=&#8221;tag:h2|font_size:20px|text_align:center&#8221; use_theme_fonts=&#8221;yes&#8221;][vc_column_text css=&#8221;.vc_custom_1636118093621{margin-top: 30px !important;}&#8221;]Desde sempre que este espa\u00e7o est\u00e1 marcado na minha vida. Durante a inf\u00e2ncia corria entre as bananeiras em brincadeiras pelos regos e pequenas levadas, saboreando as doces bananas da Madeira, enquanto contemplava o magn\u00edfico chilrear dos melros pretos nos fins de tarde solarengos.<\/p>\n<p>As mem\u00f3rias e a liga\u00e7\u00e3o da minha fam\u00edlia a estes terrenos que me viram crescer, foram o mote para fazer nascer este projeto e dar a oportunidade aos que nos vistam a conhecerem os encantos da Ponta do Sol. Aqui, tal como eu, poder\u00e3o escrever novas e felizes mem\u00f3rias.<\/p>\n<p>Com experi\u00eancia no sector da hotelaria, onde continuo como colaborador de uma pequena e simp\u00e1tica unidade hoteleira, decidi que devia apostar na \u00e1rea de turismo e transformar todo o conhecimento e recorda\u00e7\u00f5es, numa casa onde arquitetura fosse a imagem de marca.[\/vc_column_text][\/vc_column][vc_column width=&#8221;1\/4&#8243;][\/vc_column][\/vc_row]<\/p>\n","protected":false},"excerpt":{"rendered":"<p>[vc_row css=&#8221;.vc_custom_1623434063286{margin-top: -50px !important;}&#8221;][vc_column width=&#8221;1\/4&#8243;][\/vc_column][vc_column width=&#8221;1\/2&#8243;][vc_single_image image=&#8221;1313&#8243; img_size=&#8221;300&#215;300&#8243; alignment=&#8221;center&#8221; style=&#8221;vc_box_circle&#8221; css=&#8221;.vc_custom_1634309966300{margin-bottom: 20px !important;}&#8221;][vc_custom_heading text=&#8221;Ol\u00e1, sou o Miguel Le\u00e7a. Bem-vindo \u00e0s Casas da Vargem!&#8221; font_container=&#8221;tag:h2|font_size:20px|text_align:center&#8221; use_theme_fonts=&#8221;yes&#8221;][vc_column_text css=&#8221;.vc_custom_1636118093621{margin-top: 30px !important;}&#8221;]Desde sempre que este espa\u00e7o est\u00e1 marcado na minha vida. Durante a inf\u00e2ncia corria entre as bananeiras em brincadeiras pelos regos e pequenas levadas, saboreando as doces bananas [&hellip;]<\/p>\n","protected":false},"author":1,"featured_media":0,"parent":0,"menu_order":0,"comment_status":"closed","ping_status":"closed","template":"","meta":{"footnotes":""},"class_list":["post-1686","page","type-page","status-publish","hentry"],"yoast_head":"<!-- This site is optimized with the Yoast SEO plugin v17.5 - https:\/\/yoast.com\/wordpress\/plugins\/seo\/ -->\n<title>Anfitri\u00e3o - Casas da Vargem<\/title>\n<meta name=\"description\" content=\"This space has been engraved in my heart all my life. When I was a child, I would play and run through banana trees, gullies and small levadas, enjoying the sweet taste of Madeiran bananas while contemplating the magnificent twittering of blackbirds in sunny late afternoons.\" \/>\n<meta name=\"robots\" content=\"index, follow, max-snippet:-1, max-image-preview:large, max-video-preview:-1\" \/>\n<link rel=\"canonical\" href=\"https:\/\/www.casasdavargem.com\/pt-pt\/anfitriao\/\" \/>\n<meta property=\"og:locale\" content=\"pt_PT\" \/>\n<meta property=\"og:type\" content=\"article\" \/>\n<meta property=\"og:title\" content=\"Anfitri\u00e3o - Casas da Vargem\" \/>\n<meta property=\"og:description\" content=\"This space has been engraved in my heart all my life. When I was a child, I would play and run through banana trees, gullies and small levadas, enjoying the sweet taste of Madeiran bananas while contemplating the magnificent twittering of blackbirds in sunny late afternoons.\" \/>\n<meta property=\"og:url\" content=\"https:\/\/www.casasdavargem.com\/pt-pt\/anfitriao\/\" \/>\n<meta property=\"og:site_name\" content=\"Casas da Vargem\" \/>\n<meta property=\"article:modified_time\" content=\"2021-11-05T13:16:35+00:00\" \/>\n<meta name=\"twitter:card\" content=\"summary_large_image\" \/>\n<meta name=\"twitter:label1\" content=\"Tempo estimado de leitura\" \/>\n\t<meta name=\"twitter:data1\" content=\"1 minuto\" \/>\n<script type=\"application\/ld+json\" class=\"yoast-schema-graph\">{\"@context\":\"https:\/\/schema.org\",\"@graph\":[{\"@type\":\"Organization\",\"@id\":\"https:\/\/www.casasdavargem.com\/#organization\",\"name\":\"Casas da Vargem\",\"url\":\"https:\/\/www.casasdavargem.com\/\",\"sameAs\":[],\"logo\":{\"@type\":\"ImageObject\",\"@id\":\"https:\/\/www.casasdavargem.com\/#logo\",\"inLanguage\":\"pt-PT\",\"url\":\"https:\/\/www.casasdavargem.com\/wp-content\/uploads\/2021\/05\/logo-casasdavargem.png\",\"contentUrl\":\"https:\/\/www.casasdavargem.com\/wp-content\/uploads\/2021\/05\/logo-casasdavargem.png\",\"width\":293,\"height\":129,\"caption\":\"Casas da Vargem\"},\"image\":{\"@id\":\"https:\/\/www.casasdavargem.com\/#logo\"}},{\"@type\":\"WebSite\",\"@id\":\"https:\/\/www.casasdavargem.com\/#website\",\"url\":\"https:\/\/www.casasdavargem.com\/\",\"name\":\"Casas da Vargem\",\"description\":\"Relaxed vacation in a dream house\",\"publisher\":{\"@id\":\"https:\/\/www.casasdavargem.com\/#organization\"},\"potentialAction\":[{\"@type\":\"SearchAction\",\"target\":{\"@type\":\"EntryPoint\",\"urlTemplate\":\"https:\/\/www.casasdavargem.com\/?s={search_term_string}\"},\"query-input\":\"required name=search_term_string\"}],\"inLanguage\":\"pt-PT\"},{\"@type\":\"WebPage\",\"@id\":\"https:\/\/www.casasdavargem.com\/pt-pt\/anfitriao\/#webpage\",\"url\":\"https:\/\/www.casasdavargem.com\/pt-pt\/anfitriao\/\",\"name\":\"Anfitri\\u00e3o - Casas da Vargem\",\"isPartOf\":{\"@id\":\"https:\/\/www.casasdavargem.com\/#website\"},\"datePublished\":\"2021-11-04T12:01:36+00:00\",\"dateModified\":\"2021-11-05T13:16:35+00:00\",\"description\":\"This space has been engraved in my heart all my life. When I was a child, I would play and run through banana trees, gullies and small levadas, enjoying the sweet taste of Madeiran bananas while contemplating the magnificent twittering of blackbirds in sunny late afternoons.\",\"breadcrumb\":{\"@id\":\"https:\/\/www.casasdavargem.com\/pt-pt\/anfitriao\/#breadcrumb\"},\"inLanguage\":\"pt-PT\",\"potentialAction\":[{\"@type\":\"ReadAction\",\"target\":[\"https:\/\/www.casasdavargem.com\/pt-pt\/anfitriao\/\"]}]},{\"@type\":\"BreadcrumbList\",\"@id\":\"https:\/\/www.casasdavargem.com\/pt-pt\/anfitriao\/#breadcrumb\",\"itemListElement\":[{\"@type\":\"ListItem\",\"position\":1,\"name\":\"Home\",\"item\":\"https:\/\/www.casasdavargem.com\/pt-pt\/\"},{\"@type\":\"ListItem\",\"position\":2,\"name\":\"Anfitri\\u00e3o\"}]}]}<\/script>\n<!-- \/ Yoast SEO plugin. -->","yoast_head_json":{"title":"Anfitri\u00e3o - Casas da Vargem","description":"This space has been engraved in my heart all my life. When I was a child, I would play and run through banana trees, gullies and small levadas, enjoying the sweet taste of Madeiran bananas while contemplating the magnificent twittering of blackbirds in sunny late afternoons.","robots":{"index":"index","follow":"follow","max-snippet":"max-snippet:-1","max-image-preview":"max-image-preview:large","max-video-preview":"max-video-preview:-1"},"canonical":"https:\/\/www.casasdavargem.com\/pt-pt\/anfitriao\/","og_locale":"pt_PT","og_type":"article","og_title":"Anfitri\u00e3o - Casas da Vargem","og_description":"This space has been engraved in my heart all my life. When I was a child, I would play and run through banana trees, gullies and small levadas, enjoying the sweet taste of Madeiran bananas while contemplating the magnificent twittering of blackbirds in sunny late afternoons.","og_url":"https:\/\/www.casasdavargem.com\/pt-pt\/anfitriao\/","og_site_name":"Casas da Vargem","article_modified_time":"2021-11-05T13:16:35+00:00","twitter_card":"summary_large_image","twitter_misc":{"Tempo estimado de leitura":"1 minuto"},"schema":{"@context":"https:\/\/schema.org","@graph":[{"@type":"Organization","@id":"https:\/\/www.casasdavargem.com\/#organization","name":"Casas da Vargem","url":"https:\/\/www.casasdavargem.com\/","sameAs":[],"logo":{"@type":"ImageObject","@id":"https:\/\/www.casasdavargem.com\/#logo","inLanguage":"pt-PT","url":"https:\/\/www.casasdavargem.com\/wp-content\/uploads\/2021\/05\/logo-casasdavargem.png","contentUrl":"https:\/\/www.casasdavargem.com\/wp-content\/uploads\/2021\/05\/logo-casasdavargem.png","width":293,"height":129,"caption":"Casas da Vargem"},"image":{"@id":"https:\/\/www.casasdavargem.com\/#logo"}},{"@type":"WebSite","@id":"https:\/\/www.casasdavargem.com\/#website","url":"https:\/\/www.casasdavargem.com\/","name":"Casas da Vargem","description":"Relaxed vacation in a dream house","publisher":{"@id":"https:\/\/www.casasdavargem.com\/#organization"},"potentialAction":[{"@type":"SearchAction","target":{"@type":"EntryPoint","urlTemplate":"https:\/\/www.casasdavargem.com\/?s={search_term_string}"},"query-input":"required name=search_term_string"}],"inLanguage":"pt-PT"},{"@type":"WebPage","@id":"https:\/\/www.casasdavargem.com\/pt-pt\/anfitriao\/#webpage","url":"https:\/\/www.casasdavargem.com\/pt-pt\/anfitriao\/","name":"Anfitri\u00e3o - Casas da Vargem","isPartOf":{"@id":"https:\/\/www.casasdavargem.com\/#website"},"datePublished":"2021-11-04T12:01:36+00:00","dateModified":"2021-11-05T13:16:35+00:00","description":"This space has been engraved in my heart all my life. When I was a child, I would play and run through banana trees, gullies and small levadas, enjoying the sweet taste of Madeiran bananas while contemplating the magnificent twittering of blackbirds in sunny late afternoons.","breadcrumb":{"@id":"https:\/\/www.casasdavargem.com\/pt-pt\/anfitriao\/#breadcrumb"},"inLanguage":"pt-PT","potentialAction":[{"@type":"ReadAction","target":["https:\/\/www.casasdavargem.com\/pt-pt\/anfitriao\/"]}]},{"@type":"BreadcrumbList","@id":"https:\/\/www.casasdavargem.com\/pt-pt\/anfitriao\/#breadcrumb","itemListElement":[{"@type":"ListItem","position":1,"name":"Home","item":"https:\/\/www.casasdavargem.com\/pt-pt\/"},{"@type":"ListItem","position":2,"name":"Anfitri\u00e3o"}]}]}},"_links":{"self":[{"href":"https:\/\/www.casasdavargem.com\/pt-pt\/wp-json\/wp\/v2\/pages\/1686","targetHints":{"allow":["GET"]}}],"collection":[{"href":"https:\/\/www.casasdavargem.com\/pt-pt\/wp-json\/wp\/v2\/pages"}],"about":[{"href":"https:\/\/www.casasdavargem.com\/pt-pt\/wp-json\/wp\/v2\/types\/page"}],"author":[{"embeddable":true,"href":"https:\/\/www.casasdavargem.com\/pt-pt\/wp-json\/wp\/v2\/users\/1"}],"replies":[{"embeddable":true,"href":"https:\/\/www.casasdavargem.com\/pt-pt\/wp-json\/wp\/v2\/comments?post=1686"}],"version-history":[{"count":6,"href":"https:\/\/www.casasdavargem.com\/pt-pt\/wp-json\/wp\/v2\/pages\/1686\/revisions"}],"predecessor-version":[{"id":1717,"href":"https:\/\/www.casasdavargem.com\/pt-pt\/wp-json\/wp\/v2\/pages\/1686\/revisions\/1717"}],"wp:attachment":[{"href":"https:\/\/www.casasdavargem.com\/pt-pt\/wp-json\/wp\/v2\/media?parent=1686"}],"curies":[{"name":"wp","href":"https:\/\/api.w.org\/{rel}","templated":true}]}}